{"id":605,"date":"2025-09-12T19:55:58","date_gmt":"2025-09-12T19:55:58","guid":{"rendered":"https:\/\/cafefellix.pusaq8.com\/?page_id=605"},"modified":"2025-12-26T13:31:27","modified_gmt":"2025-12-26T13:31:27","slug":"performance-reservation","status":"publish","type":"page","link":"https:\/\/testcafe.pusaq8.com\/en\/performance-reservation\/","title":{"rendered":"Performance Reservation"},"content":{"rendered":"<div data-elementor-type=\"wp-page\" data-elementor-id=\"605\" class=\"elementor elementor-605\">\n\t\t\t\t<div class=\"elementor-element elementor-element-38ac4af e-flex e-con-boxed e-con e-parent\" data-id=\"38ac4af\" data-element_type=\"container\" data-settings=\"{&quot;background_background&quot;:&quot;classic&quot;}\">\n\t\t\t\t\t<div class=\"e-con-inner\">\n\t\t\t\t<div class=\"elementor-element elementor-element-c79acb0 elementor-widget elementor-widget-heading\" data-id=\"c79acb0\" data-element_type=\"widget\" data-widget_type=\"heading.default\">\n\t\t\t\t<div class=\"elementor-widget-container\">\n\t\t\t\t\t<h2 class=\"elementor-heading-title elementor-size-default\">Table Reservation<\/h2>\t\t\t\t<\/div>\n\t\t\t\t<\/div>\n\t\t\t\t<div class=\"elementor-element elementor-element-93012af elementor-widget elementor-widget-text-editor\" data-id=\"93012af\" data-element_type=\"widget\" data-widget_type=\"text-editor.default\">\n\t\t\t\t<div class=\"elementor-widget-container\">\n\t\t\t\t\t\t\t\t\t<p>We are happy to accept reservations.<br \/>No reservations are possible on Saturdays and Sundays after 2:00 PM.<\/p>\t\t\t\t\t\t\t\t<\/div>\n\t\t\t\t<\/div>\n\t\t\t\t<div class=\"elementor-element elementor-element-5d4ecbe elementor-widget elementor-widget-shortcode\" data-id=\"5d4ecbe\" data-element_type=\"widget\" data-widget_type=\"shortcode.default\">\n\t\t\t\t<div class=\"elementor-widget-container\">\n\t\t\t\t\t\t\t<div class=\"elementor-shortcode\"><script>\nconst eventDate = 'Sonntag, 28. November ';\nconst eventLocation = 'Bellevueplatz 5';\nconst eventTime = '13:30';\nconst eventName = 'Cedric Von Rauscher ';\nconst eventLocation2 = 'Bahnhofstrasse 79';\nconst eventTime2 = '15:00';\nconst eventDesc = 'Geniessen Sie am Sonntag im Caf\u00e9 Felix einen entspannten Live-Auftritt von Cedric Von Rauscher.';\nconst eventPrice = '';\nconst eventImage = 'https:\/\/testcafe.pusaq8.com\/wp-content\/uploads\/2025\/10\/Cedric-Cafe-Felix-e1760695370507.jpg';\n<\/script>\n<\/div>\n\t\t\t\t\t\t<\/div>\n\t\t\t\t<\/div>\n\t\t\t\t<div class=\"elementor-element elementor-element-90a7756 elementor-widget elementor-widget-html\" data-id=\"90a7756\" data-element_type=\"widget\" data-widget_type=\"html.default\">\n\t\t\t\t<div class=\"elementor-widget-container\">\n\t\t\t\t\t<div class=\"reservation-card\" id=\"reservation-container\">\r\n  <div class=\"reservation-header\">\r\n    <img decoding=\"async\" src=\"\" id=\"event-image\" class=\"reservation-image\">\r\n  <\/div>\r\n\r\n  <div class=\"reservation-content\" id=\"reservation-form-container\">\r\n    <div class=\"reservation-info\">\r\n      <div class=\"reservation-date\" id=\"event-date\"><\/div>\r\n      <div class=\"event-schedule\">\r\n        <span class=\"reservation-location\" id=\"event-location\"><\/span> \u2022\r\n        <span class=\"reservation-time\" id=\"event-time\"><\/span>\r\n      <\/div>\r\n      <div class=\"event-schedule\">\r\n        <span class=\"reservation-location\" id=\"event-location2\"><\/span> \u2022\r\n        <span class=\"reservation-time\" id=\"event-time2\"><\/span>\r\n      <\/div>\r\n    <\/div>\r\n\r\n    <h2 class=\"reservation-name\" id=\"event-name\"><\/h2>\r\n    <p class=\"reservation-description\" id=\"event-desc\"><\/p>\r\n    <div class=\"reservation-footer\">\r\n      <span class=\"reservation-price\" id=\"event-price\"><\/span>\r\n      <span class=\"reservation-status available\">Available<\/span>\r\n    <\/div>\r\n\r\n    <!-- \ud83e\uddfe FORMULARIO -->\r\n    <form class=\"reservation-form\" method=\"POST\" id=\"event-reservation-form\" action=\"\">\r\n      <input type=\"hidden\" name=\"event_reservation_submit\" value=\"1\">\r\n      <input type=\"hidden\" name=\"selected_location\" id=\"selected-location\" value=\"\">\r\n      <input type=\"hidden\" name=\"selected_time\" id=\"selected-time\" value=\"\">\r\n      <input type=\"hidden\" name=\"selected_date\" id=\"selected-date\" value=\"\">\r\n      <input type=\"hidden\" name=\"guests\" id=\"guests-input\" value=\"2\">\r\n\r\n      <!--<label  class=\"reservation-warning\">\ud83d\udeab <b>Reservierungen f\u00fcr Sonntag, den 21. Dezember sind nicht m\u00f6glich.<\/b><\/label>-->\r\n      <h3>Client information<\/h3>\r\n      <label>Full Name\r\n        <input type=\"text\" name=\"fullname\" placeholder=\"Enter your full name\" required>\r\n      <\/label>\r\n      <label>Your E-mail Address\r\n        <input type=\"email\" name=\"email\" placeholder=\"Enter your E-mail\" required>\r\n      <\/label>\r\n      <label>Phone Number\r\n        <input type=\"tel\" name=\"phone\" placeholder=\"Enter your phone number\" required>\r\n      <\/label>\r\n\r\n      <label>Choose Event Location<\/label>\r\n      <div class=\"event-options\">\r\n        <label class=\"custom-radio\">\r\n          <input type=\"radio\" name=\"event_option\" value=\"1\" checked>\r\n          <span class=\"radio-circle\"><\/span>\r\n          <span class=\"reservation-location\" id=\"form-location1\"><\/span>\r\n        <\/label>\r\n        <label class=\"custom-radio\">\r\n          <input type=\"radio\" name=\"event_option\" value=\"2\">\r\n          <span class=\"radio-circle\"><\/span>\r\n          <span class=\"reservation-location\" id=\"form-location2\"><\/span>\r\n        <\/label>\r\n      <\/div>\r\n\r\n      <label>Time\r\n        <button type=\"button\" class=\"reservation-btntime\" id=\"selected-time-display\"><\/button>\r\n      <\/label>\r\n\r\n      <label>Guests<\/label>\r\n        <div class=\"guests-selector\">\r\n          <button type=\"button\" class=\"guest-minus\">-<\/button>\r\n          <span class=\"guest-count\"><span class=\"guest-number\">2<\/span> Guests<\/span>\r\n          <button type=\"button\" class=\"guest-plus\">+<\/button>\r\n        <\/div>\r\n      \r\n\r\n      <label>Contact me<\/label>\r\n      <div class=\"contact-options\">\r\n        <label class=\"custom-radio\">\r\n          <input type=\"radio\" name=\"contact\" value=\"email\" checked>\r\n          <span class=\"radio-circle\"><\/span>\r\n          Via Email\r\n        <\/label>\r\n        <label class=\"custom-radio\">\r\n          <input type=\"radio\" name=\"contact\" value=\"phone\">\r\n          <span class=\"radio-circle\"><\/span>\r\n          Via Telephone\r\n        <\/label>\r\n      <\/div>\r\n\r\n      <button type=\"submit\" class=\"confirm-btn\">Confirm<\/button>\r\n    <input type=\"hidden\" name=\"trp-form-language\" value=\"en\"\/><\/form>\r\n  <\/div>\r\n\r\n  <!-- \ud83d\udfe2 CONFIRMATION SCREEN -->\r\n  <div id=\"confirmation-screen\" style=\"display:none; text-align:center; padding:30px;\"><\/div>\r\n<\/div>\r\n\r\n<style>\r\n.reservation-warning {\r\n  background: rgba(255, 0, 0, 0.12);\r\n  border: 2px solid red;\r\n  color: red;\r\n  padding: 12px;\r\n  border-radius: 8px;\r\n  margin-bottom: 15px;\r\n  font-size: 18px;\r\n  font-weight: bold;\r\n  text-align: center;\r\n}\r\n\r\n.reservation-card {\r\n  max-width: 40%;\r\n  margin: auto;\r\n  background: #fff;\r\n  border-radius: 12px;\r\n  box-shadow: 0 2px 10px rgba(0,0,0,0.1);\r\n  overflow: hidden;\r\n  font-family: 'Times New Roman';\r\n}\r\n\r\n.reservation-header img {\r\n  width: 100%;\r\n  display: block;\r\n  border-radius: 12px 12px 0 0;\r\n}\r\n\r\n.reservation-content {\r\n  padding: 15px;\r\n  padding-bottom: 10px;\r\n}\r\n.reservation-info {\r\n  font-size: 20px;\r\n  color: #000;\r\n  margin-bottom: 10px;\r\n}\r\n.reservation-name {\r\n  font-size: 24px;\r\n  font-weight: bold;\r\n  margin: 5px 0;\r\n}\r\n\r\n.reservation-genre {\r\n  font-size: 20px;\r\n  color: #343434;\r\n  margin-bottom: 8px;\r\n}\r\n\r\n.reservation-description {\r\n  font-size: 20px;\r\n  margin-bottom: 20px;\r\n  line-height: 1.4;\r\n  color: #777777;\r\n}\r\n\r\n.reservation-footer {\r\n  display: flex;\r\n  justify-content: space-between;\r\n  align-items: center;\r\n  font-size: 20px;\r\n  color:#000;\r\n  font-weight: 400;\r\n}\r\n\r\n.reservation-status {\r\n  padding: 4px 20px;\r\n  border-radius: 20px;\r\n  font-size: 20px;\r\n  color: #fff;\r\n}\r\n.reservation-status.available {\r\n  background: #4caf50;\r\n}\r\n\r\n.reservation-form {\r\n  padding: 10px;\r\n  border-top: 2px solid #eee;\r\n  margin-top: 10px;\r\n}\r\n\r\n.reservation-form h3 {\r\n  font-family: \"Times New Roman\";\r\n  font-size: 20px;\r\n  font-weight: bold;\r\n  margin-bottom: 12px;\r\n}\r\n\r\n.reservation-form label {\r\n  font-family: \"Times New Roman\";\r\n  display: block;\r\n  font-size: 17px;\r\n  font-weight: 500;\r\n}\r\n\r\n.reservation-form input {\r\n  width: 100%;\r\n  padding: 8px;\r\n  margin-top: 7px;\r\n  margin-bottom: 20px;\r\n  border: 1px solid #ccc;\r\n  border-radius: 8px;\r\n}\r\n\r\n.reservation-btntime {\r\n  display: block;\r\n  width: 100%;\r\n  background: #fff;\r\n  color: #555;\r\n  font-weight: 400;\r\n  padding: 10px;\r\n  border: 1px solid #ddd;\r\n  border-radius: 4px;\r\n  margin-top: 4px;\r\n}\r\n\r\n.guests-selector {\r\n  display: flex;\r\n  justify-content: space-between;\r\n  align-items: center;\r\n  background: #f9f9f9;\r\n  border-radius: 10px;\r\n  padding: 10px 15px;\r\n  margin-top: 10px;\r\n  font-size: 16px;\r\n  font-weight: 600;\r\n  color: #555;\r\n}\r\n\r\n.guests-selector button {\r\n  width: 35px;\r\n  height: 35px;\r\n  border: 1px solid #ddd;\r\n  background: #fff;\r\n  color: #333;\r\n  font-size: 20px;\r\n  font-weight: bold;\r\n  border-radius: 6px;\r\n  cursor: pointer;\r\n  transition: all 0.2s ease-in-out;\r\n}\r\n\r\n.guests-selector button:hover {\r\n  background: #D47491;\r\n  color: #fff;\r\n  border-color: #D47491;\r\n}\r\n\r\n.guest-count {\r\n  flex-grow: 1;\r\n  text-align: center;\r\n  color: #555;\r\n  font-weight: 600;\r\n}\r\n\r\n.contact-options {\r\n  display: flex;\r\n  flex-direction: column;\r\n  gap: 8px;\r\n  margin-top: 10px;\r\n}\r\n\r\n.custom-radio {\r\n  display: flex;\r\n  align-items: center;\r\n  font-size: 16px;\r\n  cursor: pointer;\r\n  color: #555;\r\n  font-weight: 500;\r\n}\r\n\r\n.custom-radio input[type=\"radio\"] {\r\n  display: none;\r\n}\r\n\r\n.radio-circle {\r\n  display: inline-block;\r\n  width: 18px;\r\n  height: 18px;\r\n  border: 2px solid #ccc;\r\n  border-radius: 50%;\r\n  margin-right: 10px;\r\n  position: relative;\r\n  transition: all 0.2s ease-in-out;\r\n}\r\n\r\n\/* Estado checked *\/\r\n.custom-radio input[type=\"radio\"]:checked + .radio-circle {\r\n  border-color: #D47491;\r\n  background-color: #D47491;\r\n}\r\n\r\n\/* Dibujar el check con ::after *\/\r\n.custom-radio input[type=\"radio\"]:checked + .radio-circle::after {\r\n  content: \"\";\r\n  position: absolute;\r\n  left: 4px;\r\n  top: 1px;\r\n  width: 6px;\r\n  height: 10px;\r\n  border: solid #fff;\r\n  border-width: 0 2px 2px 0;\r\n  transform: rotate(45deg);\r\n}\r\n\r\n.confirm-btn {\r\n  display: block;\r\n  width: 100%;\r\n  background: #D47491;\r\n  color: #fff;\r\n  padding: 10px;\r\n  font-size: 18px;\r\n  font-weight: bold;\r\n  border: none;\r\n  border-radius: 8px;\r\n  margin-top: 15px;\r\n  cursor: pointer;\r\n  font-family: \"Times New Roman\";\r\n}\r\n.confirm-btn:hover {\r\n  background: #b75d7a;\r\n}\r\n\/* confirmation message *\/\r\n.confirmation-screen {\r\n  text-align: center;\r\n  padding: 40px;\r\n  max-width: 800px;\r\n  margin: 0 auto;\r\n  border-radius: 12px;\r\n  box-shadow: 0 4px 12px rgba(0,0,0,0.1);\r\n  background: #fff;\r\n  font-family: \"Inter\", sans-serif;\r\n}\r\n.confirmation-icon {\r\n  width: 80px;\r\n  height: 80px;\r\n  background: #d44d77;\r\n  border-radius: 50%;\r\n  display: inline-flex;\r\n  justify-content: center;\r\n  align-items: center;\r\n  margin-bottom: 20px;\r\n}\r\n.confirmation-icon svg {\r\n  color: #fff;\r\n  width: 40px;\r\n  height: 40px;\r\n}\r\n.confirmation-screen h2 {\r\n  font-family: \"Times New Roman\";\r\n  font-size: 20px;\r\n  font-weight: 700;\r\n  margin-bottom: 10px;\r\n  color: #333;\r\n}\r\n.confirmation-screen p {\r\n  font-family: \"Times New Roman\";\r\n  color: #777;\r\n  font-size: 20px;\r\n  margin-bottom: 25px;\r\n}\r\n.reservation-details {\r\n  border: 1px solid #eee;\r\n  padding: 20px;\r\n  background: #fafafa;\r\n  border-radius: 10px;\r\n  margin: 20px 0;\r\n}\r\n.reservation-details h4 {\r\n  font-family: \"Times New Roman\";\r\n  font-size: 16px;\r\n  font-weight: 700;\r\n  margin-bottom: 15px;\r\n  color: #000;\r\n}\r\n.reservation-details p {\r\n  font-family: \"Times New Roman\";\r\n  margin: 0;\r\n  font-size: 16px;\r\n  color: #000;\r\n  text-align: left;\r\n}\r\n.reservation-details p b {\r\n  color: #333;\r\n  display: inline-block;\r\n  min-width: 80px;\r\n}\r\n.contact-info {\r\n  font-family: \"Times New Roman\";\r\n  margin-top: 25px;\r\n  font-size: 20px;\r\n  color: #888;\r\n}\r\n\/* \ud83d\udcf1 Adaptaci\u00f3n para tablets *\/\r\n@media (max-width: 1024px) {\r\n  .reservation-card {\r\n    max-width: 70%;\r\n  }\r\n  .reservation-info,\r\n  .reservation-name,\r\n  .reservation-genre,\r\n  .reservation-description,\r\n  .reservation-footer {\r\n    font-size: 18px;\r\n  }\r\n  .reservation-form h3 {\r\n    font-size: 18px;\r\n  }\r\n}\r\n\r\n\/* \ud83d\udcf1 Adaptaci\u00f3n para m\u00f3viles *\/\r\n@media (max-width: 768px) {\r\n  .reservation-card {\r\n    max-width: 90%;\r\n    margin: 15px auto;\r\n  }\r\n\r\n  .reservation-content {\r\n    padding: 12px;\r\n  }\r\n\r\n  .reservation-info {\r\n    font-size: 16px;\r\n  }\r\n  .reservation-name {\r\n    font-size: 20px;\r\n  }\r\n  .reservation-genre,\r\n  .reservation-description,\r\n  .reservation-footer {\r\n    font-size: 15px;\r\n  }\r\n\r\n  .reservation-form {\r\n    padding: 20px;\r\n  }\r\n\r\n  .reservation-form label {\r\n    font-size: 14px;\r\n  }\r\n\r\n  .reservation-form input,\r\n  .reservation-btntime,\r\n  .confirm-btn {\r\n    font-size: 14px;\r\n    padding: 10px;\r\n  }\r\n  .guests-selector {\r\n    font-size: 14px;\r\n    padding: 8px 10px;\r\n  }\r\n\r\n  .guests-selector button {\r\n    width: 30px;\r\n    height: 30px;\r\n    font-size: 16px;\r\n  }\r\n\r\n  .confirmation-screen {\r\n    padding: 20px;\r\n    margin: 15px;\r\n  }\r\n\r\n  .confirmation-screen h2 {\r\n    font-size: 18px;\r\n  }\r\n\r\n  .confirmation-screen p {\r\n    font-size: 14px;\r\n  }\r\n\r\n  .reservation-details {\r\n    padding: 15px;\r\n  }\r\n\r\n  .reservation-details p {\r\n    font-size: 14px;\r\n  }\r\n}\r\n\r\n\/* \ud83d\udcf1 Pantallas muy peque\u00f1as (menos de 480px) *\/\r\n@media (max-width: 480px) {\r\n  .reservation-card {\r\n    max-width: 100%;\r\n    margin: 10px;\r\n  }\r\n\r\n  .reservation-form {\r\n    padding: 15px;\r\n  }\r\n\r\n  .reservation-form input,\r\n  .reservation-btntime,\r\n  .confirm-btn {\r\n    font-size: 13px;\r\n    padding: 8px;\r\n  }\r\n\r\n  .guest-count {\r\n    font-size: 14px;\r\n  }\r\n\r\n  .confirmation-icon {\r\n    width: 60px;\r\n    height: 60px;\r\n  }\r\n\r\n  .confirmation-icon svg {\r\n    width: 30px;\r\n    height: 30px;\r\n  }\r\n}\r\n\r\n<\/style>\r\n\r\n<script>\r\ndocument.addEventListener(\"DOMContentLoaded\", function() {\r\n\r\n  \/\/ --- Asignar datos del evento (de shortcode PHP) ---\r\n  document.getElementById(\"event-image\").src = eventImage;\r\n  document.getElementById(\"event-date\").textContent = eventDate;\r\n  document.getElementById(\"event-location\").textContent = eventLocation;\r\n  document.getElementById(\"event-time\").textContent = eventTime;\r\n  document.getElementById(\"event-location2\").textContent = eventLocation2;\r\n  document.getElementById(\"event-time2\").textContent = eventTime2;\r\n  document.getElementById(\"event-name\").textContent = eventName;\r\n  document.getElementById(\"event-desc\").textContent = eventDesc;\r\n  document.getElementById(\"event-price\").textContent = eventPrice;\r\n\r\n  \/\/ --- Variables din\u00e1micas ---\r\n  const location1 = eventLocation;\r\n  const location2 = eventLocation2;\r\n  const time1 = eventTime;\r\n  const time2 = eventTime2;\r\n  const timeDisplay = document.getElementById(\"selected-time-display\");\r\n\r\n  document.getElementById(\"form-location1\").textContent = location1;\r\n  document.getElementById(\"form-location2\").textContent = location2;\r\n\r\n  \/\/ Inicializar valores ocultos\r\n  document.getElementById(\"selected-location\").value = location1;\r\n  document.getElementById(\"selected-time\").value = time1;\r\n  document.getElementById(\"selected-date\").value = eventDate;\r\n  timeDisplay.textContent = time1;\r\n\r\n  \/\/ Cambiar seg\u00fan selecci\u00f3n\r\n  document.querySelectorAll(\"input[name='event_option']\").forEach(radio => {\r\n    radio.addEventListener(\"change\", function() {\r\n      if (this.value === \"1\") {\r\n        document.getElementById(\"selected-location\").value = location1;\r\n        document.getElementById(\"selected-time\").value = time1;\r\n        timeDisplay.textContent = time1;\r\n      } else {\r\n        document.getElementById(\"selected-location\").value = location2;\r\n        document.getElementById(\"selected-time\").value = time2;\r\n        timeDisplay.textContent = time2;\r\n      }\r\n    });\r\n  });\r\n\r\n  \/\/ Control de invitados\r\n  \/\/ Control de invitados\r\nconst minusBtn = document.querySelector(\".guest-minus\");\r\nconst plusBtn = document.querySelector(\".guest-plus\");\r\nconst guestNumber = document.querySelector(\".guest-number\");\r\nconst guestsInput = document.getElementById(\"guests-input\");\r\nlet guests = 2;\r\n\r\nfunction updateGuests() {\r\n  guestNumber.textContent = guests;\r\n  guestsInput.value = guests;\r\n}\r\n\r\nminusBtn.addEventListener(\"click\", function() {\r\n  if (guests > 1) {\r\n    guests--;\r\n    updateGuests();\r\n  }\r\n});\r\n\r\nplusBtn.addEventListener(\"click\", function() {\r\n  guests++;\r\n  if (guests > 8) {\r\n    guests = 8;\r\n  }\r\n  updateGuests();\r\n});\r\n\r\nupdateGuests();\r\n\r\n  \/\/ Guardar en localStorage antes del env\u00edo\r\n  const form = document.getElementById(\"event-reservation-form\");\r\n  form.addEventListener(\"submit\", function() {\r\n    localStorage.setItem(\"fullname\", form.querySelector('input[name=\"fullname\"]').value);\r\n    localStorage.setItem(\"selected_location\", document.getElementById(\"selected-location\").value);\r\n    localStorage.setItem(\"selected_time\", document.getElementById(\"selected-time\").value);\r\n    localStorage.setItem(\"selected_date\", document.getElementById(\"selected-date\").value);\r\n    localStorage.setItem(\"guests\", document.getElementById(\"guests-input\").value);\r\n  });\r\n\r\n  \/\/ Mostrar pantalla de confirmaci\u00f3n tras el redirect\r\n  const urlParams = new URLSearchParams(window.location.search);\r\n  if (urlParams.get(\"reservation\") === \"success\") {\r\n    const formContainer = document.getElementById(\"reservation-form-container\");\r\n    const confirmationScreen = document.getElementById(\"confirmation-screen\");\r\n\r\n    const fullname = localStorage.getItem(\"fullname\");\r\n    const location = localStorage.getItem(\"selected_location\");\r\n    const time = localStorage.getItem(\"selected_time\");\r\n    const date = localStorage.getItem(\"selected_date\");\r\n    const guests = localStorage.getItem(\"guests\");\r\n    \r\n    \/\/CONFIRM SCREEN\r\n    formContainer.style.display = \"none\";\r\n    confirmationScreen.style.display = \"block\";\r\n    confirmationScreen.innerHTML = `\r\n      <div class=\"confirmation-icon\">\r\n        <svg xmlns=\"http:\/\/www.w3.org\/2000\/svg\" fill=\"none\" viewBox=\"0 0 24 24\" stroke=\"currentColor\">\r\n          <path stroke-linecap=\"round\" stroke-linejoin=\"round\" stroke-width=\"3\" d=\"M5 13l4 4L19 7\" \/>\r\n        <\/svg>\r\n      <\/div>\r\n      <h2>VIELEN DANK, DASS SIE SICH F\u00dcR UNS ENTSCHIEDEN HABEN!<\/h2>\r\n      <p>Wir haben Ihre Tischreservierung erhalten. Wir werden Sie umgehend kontaktieren, um Ihre Reservierung zu best\u00e4tigen.<\/p>\r\n      <div class=\"reservation-details\">\r\n        <h4> RESERVIERUNGSDETAILS <\/h4>\r\n        <p><b>Datum:<\/b> ${date}<\/p>\r\n        <p><b>Ereignis:<\/b> ${location}<\/p>\r\n        <p><b>Zeit:<\/b> ${time}<\/p>\r\n        <p><b>G\u00e4ste:<\/b> ${guests}<\/p>\r\n      <\/div>\r\n      <p class= \"contact-info\">\r\n      Bei weiteren Fragen kontaktieren Sie uns gerne unter +41 44 251 80 60 oder auf +41 44 251 80 47<\/p>\r\n    `;\r\n    window.history.replaceState({}, document.title, window.location.pathname);\r\n  }\r\n});\r\n<\/script>\r\n\t\t\t\t<\/div>\n\t\t\t\t<\/div>\n\t\t\t\t\t<\/div>\n\t\t\t\t<\/div>\n\t\t\t\t<\/div>","protected":false},"excerpt":{"rendered":"<p>Tischreservierung Gerne nehmen wir Reservationen ab 6 Personen entgegen.Samstag und Sonntag ab\u00a012.00 Uhr\u00a0keine Reservation m\u00f6glich. \u2022 \u2022 Available Kundeninformationen Vorname \/ Nachname Ihre E-mail Adresse Telefonnummer W\u00e4hlen Sie den Veranstaltungsort Zeit G\u00e4ste &#8211; 2 G\u00e4ste + Kontaktiere mich Via Email Telefonisch Best\u00e4tigen<\/p>","protected":false},"author":1,"featured_media":0,"parent":0,"menu_order":0,"comment_status":"closed","ping_status":"closed","template":"","meta":{"_acf_changed":false,"footnotes":""},"class_list":["post-605","page","type-page","status-publish","hentry"],"blocksy_meta":[],"acf":[],"_links":{"self":[{"href":"https:\/\/testcafe.pusaq8.com\/en\/wp-json\/wp\/v2\/pages\/605","targetHints":{"allow":["GET"]}}],"collection":[{"href":"https:\/\/testcafe.pusaq8.com\/en\/wp-json\/wp\/v2\/pages"}],"about":[{"href":"https:\/\/testcafe.pusaq8.com\/en\/wp-json\/wp\/v2\/types\/page"}],"author":[{"embeddable":true,"href":"https:\/\/testcafe.pusaq8.com\/en\/wp-json\/wp\/v2\/users\/1"}],"replies":[{"embeddable":true,"href":"https:\/\/testcafe.pusaq8.com\/en\/wp-json\/wp\/v2\/comments?post=605"}],"version-history":[{"count":226,"href":"https:\/\/testcafe.pusaq8.com\/en\/wp-json\/wp\/v2\/pages\/605\/revisions"}],"predecessor-version":[{"id":2557,"href":"https:\/\/testcafe.pusaq8.com\/en\/wp-json\/wp\/v2\/pages\/605\/revisions\/2557"}],"wp:attachment":[{"href":"https:\/\/testcafe.pusaq8.com\/en\/wp-json\/wp\/v2\/media?parent=605"}],"curies":[{"name":"wp","href":"https:\/\/api.w.org\/{rel}","templated":true}]}}